{"id":5342,"date":"2024-06-18T11:58:08","date_gmt":"2024-06-18T09:58:08","guid":{"rendered":"https:\/\/www.unifortunato.eu\/guida-studente\/?page_id=5342"},"modified":"2026-03-09T14:55:14","modified_gmt":"2026-03-09T13:55:14","slug":"scienze-pedagogiche-e-neuroscienze-cognitive","status":"publish","type":"page","link":"https:\/\/guidastudente.unifortunato.eu\/index.php\/scienze-pedagogiche-e-neuroscienze-cognitive\/","title":{"rendered":"Scienze pedagogiche e Neuroscienze cognitive"},"content":{"rendered":"<p>[vc_row css=&#8221;.vc_custom_1469828450302{margin-bottom: 80px !important;}&#8221;][vc_column]<div class=\"wpb_content_element \"><style type=\"text\/css\" scoped><\/style><header id=\"ut_header_6a0467831d443\" class=\"section-header pt-style-1 header-left\"><h2 class=\"bklyn-divider-styles bklyn-divider-style-1 section-title\"><span>Introduzione al Corso<\/span><\/h2><div class=\"lead\"><\/p>\n<p>Il corso di laurea in\u00a0<strong>Scienze Pedagogiche e Neuroscienze Cognitive \u2013 classe LM-85\u00a0<\/strong>\u00a0si propone di mutuare le conoscenze neuroscientifiche cognitive per consolidare il paradigma scientifico delle scienze pedagogiche e delle scienze dell\u2019educazione. Per questa sua caratteristica di fondo, pur lasciando invariati tutti gli aspetti dell\u2019ordinamento (settori scientifico-disciplinari e relativo loro pondus in CFU), parte degli insegnamenti sono stati ridefiniti in modo da rappresentare e contenere pi\u00f9 fedelmente la specificit\u00e0 e le finalit\u00e0 del corso.<\/p>\n<p>Il Corso di laurea magistrale \u00e8 finalizzato all\u2019acquisizione di conoscenze specifiche approfondite nelle<br \/>\nscienze pedagogiche e nelle scienze dell\u2019educazione estese anche alle neuroscienze cognitive, nelle scienze contestuali, nella progettazione e programmazione educativa, nei metodi e nelle tecniche della ricerca educativa, nelle problematiche sociali ed etiche inerenti la nuova comunicazione telematica sociale e intelligenza artificiale, nonch\u00e9 di buona padronanza dell\u2019uso delle tecnologie informatiche e uso fluente della lingua inglese.<\/p>\n<p>\n<\/div><\/header><\/div><div class=\"wpb_content_element \"><style type=\"text\/css\" scoped>#ut_header_6a0467831d510 h2 { font-size: 20px !important; }<\/style><header id=\"ut_header_6a0467831d510\" class=\"section-header pt-style-1 header-left\"><h2 class=\"bklyn-divider-styles bklyn-divider-style-1 section-title\"><span>Primo Anno<\/span><\/h2><div class=\"lead\"><\/p>\n<style>\ntable { width: 100%; background-color: #FFFFFF; color: #000000; border-color: #B50909; border-collapse: collapse; }<br \/><\/style>\n<table border=\"2\" cellspacing=\"0\" cellpadding=\"0\">\n<thead>\n<tr>\n<th width=\"40%\"><span style=\"color: #000000;\">INSEGNAMENTO<\/span><\/th>\n<th width=\"20%\"><span style=\"color: #000000;\">CFU<\/span><\/th>\n<th width=\"20%\"><span style=\"color: #000000;\">SSD<\/span><\/th>\n<th width=\"20%\"><span style=\"color: #000000;\">SEMESTRE<\/span><\/th>\n<\/tr>\n<\/thead>\n<tbody>\n<tr>\n<td width=\"40%\"><span style=\"color: #000000;\">Pedagogia e neuroscienze cognitive<\/span><\/td>\n<td width=\"20%\"><span style=\"color: #000000;\">6<\/span><\/td>\n<td width=\"20%\"><span style=\"color: #000000;\">M-PED\/01<\/span><\/td>\n<td width=\"20%\"><span style=\"color: #000000;\">I<\/span><\/td>\n<\/tr>\n<tr>\n<td width=\"40%\"><span style=\"color: #000000;\">Storia e sociologia dei contesti educativi<\/span><\/td>\n<td width=\"20%\"><span style=\"color: #000000;\">12<\/span><\/td>\n<td width=\"20%\"><span style=\"color: #000000;\">M-PED\/02<\/span>SPS\/07<\/td>\n<td width=\"20%\"><span style=\"color: #000000;\">I<\/span><\/td>\n<\/tr>\n<tr>\n<td width=\"40%\"><span style=\"color: #000000;\">Psicologia fisiologica e neuroscienze<\/span><\/td>\n<td width=\"20%\"><span style=\"color: #000000;\">12<\/span><\/td>\n<td width=\"20%\"><span style=\"color: #000000;\">M-PSI\/02<\/span>M-PSI\/01<\/td>\n<td width=\"20%\"><span style=\"color: #000000;\">I<\/span><\/td>\n<\/tr>\n<tr>\n<td width=\"40%\"><span style=\"color: #000000;\">Psicologia del neurosviluppo<\/span><\/td>\n<td width=\"20%\"><span style=\"color: #000000;\">6<\/span><\/td>\n<td width=\"20%\"><span style=\"color: #000000;\">M-PSI\/04<\/span><\/td>\n<td width=\"20%\"><span style=\"color: #000000;\">II<\/span><\/td>\n<\/tr>\n<tr>\n<td width=\"40%\"><span style=\"color: #000000;\">Storia della filosofia contemporanea<\/span><\/td>\n<td width=\"20%\"><span style=\"color: #000000;\">6<\/span><\/td>\n<td width=\"20%\"><span style=\"color: #000000;\">M-FIL\/06<\/span><\/td>\n<td width=\"20%\"><span style=\"color: #000000;\">II<\/span><\/td>\n<\/tr>\n<tr>\n<td width=\"40%\"><span style=\"color: #000000;\">Metodologia del neuromovimento<\/span><\/td>\n<td width=\"20%\"><span style=\"color: #000000;\">6<\/span><\/td>\n<td width=\"20%\"><span style=\"color: #000000;\">M-EDF\/01<\/span><\/td>\n<td width=\"20%\"><span style=\"color: #000000;\">II<\/span><\/td>\n<\/tr>\n<tr>\n<td width=\"40%\"><span style=\"color: #000000;\">\u00a0(LABORATORIO)<\/span><\/td>\n<td width=\"20%\"><span style=\"color: #000000;\">4<\/span><\/td>\n<td width=\"20%\"><\/td>\n<td width=\"20%\"><span style=\"color: #000000;\">II<\/span><\/td>\n<\/tr>\n<tr>\n<td width=\"40%\"><span style=\"color: #000000;\">Insegnamento a scelta<\/span><\/td>\n<td width=\"20%\"><span style=\"color: #000000;\">8<\/span><\/td>\n<td width=\"20%\"><\/td>\n<td width=\"20%\">I<\/td>\n<\/tr>\n<\/tbody>\n<\/table>\n<p><span style=\"color: #000000;\"><\/p>\n<\/div><\/header><\/div>[vc_separator style=&#8221;dotted&#8221; border_width=&#8221;2&#8243;]<div class=\"wpb_content_element \"><style type=\"text\/css\" scoped>#ut_header_6a0467831d5b7 h2 { font-size: 20px !important; }<\/style><header id=\"ut_header_6a0467831d5b7\" class=\"section-header pt-style-1 header-left\"><h2 class=\"bklyn-divider-styles bklyn-divider-style-1 section-title\"><span>Secondo Anno<\/span><\/h2><div class=\"lead\"><p><\/span><\/p>\n<style>\ntable { width: 100%; background-color: #FFFFFF; color: #000000; border-color: #B50909; border-collapse: collapse; }<br \/><\/style>\n<table border=\"2\" cellspacing=\"0\" cellpadding=\"0\">\n<thead>\n<tr>\n<th width=\"40%\"><span style=\"color: #000000;\">INSEGNAMENTO<\/span><\/th>\n<th width=\"20%\"><span style=\"color: #000000;\">CFU<\/span><\/th>\n<th width=\"20%\"><span style=\"color: #000000;\">SSD<\/span><\/th>\n<th width=\"20%\"><span style=\"color: #000000;\">SEMESTRE<\/span><\/th>\n<\/tr>\n<\/thead>\n<tbody>\n<tr>\n<td width=\"40%\"><span style=\"color: #000000;\">Elaborazione delle informazioni e intelligenza artificiale<\/span><\/td>\n<td width=\"20%\"><span style=\"color: #000000;\">6<\/span><\/td>\n<td width=\"20%\"><span style=\"color: #000000;\">ING-INF\/05<\/span><\/td>\n<td width=\"20%\"><span style=\"color: #000000;\">I<\/span><\/td>\n<\/tr>\n<tr>\n<td width=\"40%\"><span style=\"color: #000000;\">Legislazione del terzo settore<\/span><\/td>\n<td width=\"20%\"><span style=\"color: #000000;\">6<\/span><\/td>\n<td width=\"20%\"><span style=\"color: #000000;\">IUS\/11<\/span><\/td>\n<td width=\"20%\"><span style=\"color: #000000;\">I<\/span><\/td>\n<\/tr>\n<tr>\n<td width=\"40%\"><span style=\"color: #000000;\">Inglese avanzato<\/span><\/td>\n<td width=\"20%\"><span style=\"color: #000000;\">6<\/span><\/td>\n<td width=\"20%\"><span style=\"color: #000000;\">L-LIN\/12<\/span><\/td>\n<td width=\"20%\"><span style=\"color: #000000;\">I<\/span><\/td>\n<\/tr>\n<tr>\n<td width=\"40%\"><span style=\"color: #000000;\">\u00a0(LABORATORIO)<\/span><\/td>\n<td width=\"20%\"><span style=\"color: #000000;\">4<\/span><\/td>\n<td width=\"20%\"><span style=\"color: #000000;\">M-PED\/03<\/span><\/td>\n<td width=\"20%\"><span style=\"color: #000000;\">I<\/span><\/td>\n<\/tr>\n<tr>\n<td width=\"40%\"><span style=\"color: #000000;\">Metodologia della ricerca educativa<\/span><\/td>\n<td width=\"20%\"><span style=\"color: #000000;\">6<\/span><\/td>\n<td width=\"20%\"><span style=\"color: #000000;\">M-PED\/04<\/span><\/td>\n<td width=\"20%\"><span style=\"color: #000000;\">II<\/span><\/td>\n<\/tr>\n<tr>\n<td width=\"40%\"><span style=\"color: #000000;\">Neurodidattica del disfunzionamento<\/span><\/td>\n<td width=\"20%\"><span style=\"color: #000000;\">10<\/span><\/td>\n<td width=\"20%\"><span style=\"color: #000000;\">M-PED\/03<\/span><\/td>\n<td width=\"20%\"><span style=\"color: #000000;\">II<\/span><\/td>\n<\/tr>\n<tr>\n<td width=\"40%\"><span style=\"color: #000000;\">Psicologia sociale del terzo settore<\/span><\/td>\n<td width=\"20%\"><span style=\"color: #000000;\">6<\/span><\/td>\n<td width=\"20%\"><span style=\"color: #000000;\">M-PSI\/05<\/span><\/td>\n<td width=\"20%\"><span style=\"color: #000000;\">II<\/span><\/td>\n<\/tr>\n<tr>\n<td width=\"40%\"><span style=\"color: #000000;\">Tirocinio<\/span><\/td>\n<td width=\"20%\"><span style=\"color: #000000;\">6<\/span><\/td>\n<td width=\"20%\"><\/td>\n<td width=\"20%\"><span style=\"color: #000000;\">II<\/span><\/td>\n<\/tr>\n<tr>\n<td width=\"40%\"><span style=\"color: #000000;\">Prova finale<\/span><\/td>\n<td width=\"20%\"><span style=\"color: #000000;\">10<\/span><\/td>\n<td width=\"20%\"><\/td>\n<td width=\"20%\">II<\/td>\n<\/tr>\n<\/tbody>\n<\/table>\n<p><span style=\"color: #000000;\"><\/p>\n<\/div><\/header><\/div>[vc_separator style=&#8221;dotted&#8221; border_width=&#8221;2&#8243;]<div class=\"wpb_content_element \"><style type=\"text\/css\" scoped>#ut_header_6a0467831d652 h2 { font-size: 20px !important; }<\/style><header id=\"ut_header_6a0467831d652\" class=\"section-header pt-style-1 header-left\"><h2 class=\"bklyn-divider-styles bklyn-divider-style-1 section-title\"><span>Insegnamenti a scelta<\/span><\/h2><div class=\"lead\"><p><\/span><\/p>\n<p style=\"text-align: justify;\">Gli studenti devono sostenere un esame a scelta da 8 CFU, scegliendo fra gli insegnamenti di seguito riportati:<\/p>\n<style>\ntable { width: 100%; background-color: #FFFFFF; color: #000000; border-color: #B50909; border-collapse: collapse; }<br \/><\/style>\n<table border=\"2\" cellspacing=\"0\" cellpadding=\"0\">\n<thead>\n<tr>\n<th width=\"40%\">INSEGNAMENTO<\/th>\n<th width=\"20%\">CFU<\/th>\n<th width=\"20%\">SSD<\/th>\n<th width=\"20%\">SEMESTRE<\/th>\n<\/tr>\n<\/thead>\n<tbody>\n<tr>\n<td width=\"40%\">Psicologia delle dipendenze<\/td>\n<td width=\"20%\">8<\/td>\n<td width=\"20%\">M-PSI\/08<\/td>\n<td width=\"20%\">I<\/td>\n<\/tr>\n<tr>\n<td width=\"40%\">Diritto del mercato del lavoro<\/td>\n<td width=\"20%\">8<\/td>\n<td width=\"20%\">IUS\/07<\/td>\n<td width=\"20%\">I<\/td>\n<\/tr>\n<tr>\n<td width=\"40%\">Business Management<\/td>\n<td width=\"20%\">8<\/td>\n<td width=\"20%\">SECS-P\/08<\/td>\n<td width=\"20%\">I<\/td>\n<\/tr>\n<tr>\n<td width=\"40%\">Management pubblico<\/td>\n<td width=\"20%\">8<\/td>\n<td width=\"20%\">SECS-P\/07<\/td>\n<td width=\"20%\">I<\/td>\n<\/tr>\n<tr>\n<td width=\"40%\">Psiocologia della salute<\/td>\n<td width=\"20%\">8<\/td>\n<td width=\"20%\">M-PSI\/05<\/td>\n<td width=\"20%\">I<\/td>\n<\/tr>\n<tr>\n<td width=\"40%\">Benessere organizzativo e sviluppo delle perfomance<\/td>\n<td width=\"20%\">8<\/td>\n<td width=\"20%\">M-PSI\/06<\/td>\n<td width=\"20%\">I<\/td>\n<\/tr>\n<tr>\n<td width=\"40%\">Psicologia scolastica<\/td>\n<td width=\"20%\">8<\/td>\n<td width=\"20%\">M-PSI\/04<\/td>\n<td width=\"20%\">I<\/td>\n<\/tr>\n<\/tbody>\n<\/table>\n<p>\n<\/div><\/header><\/div>[vc_separator style=&#8221;dotted&#8221; border_width=&#8221;2&#8243;][\/vc_column][\/vc_row][vc_row equal_height=&#8221;yes&#8221; content_placement=&#8221;bottom&#8221; css=&#8221;.vc_custom_1469751518111{margin-bottom: 80px !important;}&#8221;][vc_column][vc_custom_heading text=&#8221;Responsabile Corso di Studi&#8221; font_container=&#8221;tag:h6|font_size:25px|text_align:left|color:%23dddddd&#8221; use_theme_fonts=&#8221;yes&#8221; text_transform=&#8221;uppercase&#8221; css=&#8221;.vc_custom_1503245369848{margin-bottom: 10px !important;}&#8221;]<div class=\"wpb_content_element \"><style type=\"text\/css\" scoped><\/style><header id=\"ut_header_6a0467831d741\" class=\"section-header pt-style-1 header-left\"><h2 class=\"bklyn-divider-styles bklyn-divider-style-1 section-title\"><span>Prof.ssa Valeria Viola<\/span><\/h2><div class=\"lead\"><p><a href=\"https:\/\/www.unifortunato.eu\/docente\/valeria-viola\/\">Pagina del Docente<\/a> &#8211; v.viola@unifortunato.eu<\/p>\n<\/div><\/header><\/div>[\/vc_column][\/vc_row]<\/p>\n","protected":false},"excerpt":{"rendered":"<p>[vc_row css=&#8221;.vc_custom_1469828450302{margin-bottom: 80px !important;}&#8221;][vc_column][vc_separator style=&#8221;dotted&#8221; border_width=&#8221;2&#8243;][vc_separator style=&#8221;dotted&#8221; border_width=&#8221;2&#8243;][vc_separator style=&#8221;dotted&#8221; border_width=&#8221;2&#8243;][\/vc_column][\/vc_row][vc_row equal_height=&#8221;yes&#8221; content_placement=&#8221;bottom&#8221; css=&#8221;.vc_custom_1469751518111{margin-bottom: 80px !important;}&#8221;][vc_column][vc_custom_heading text=&#8221;Responsabile Corso di Studi&#8221; font_container=&#8221;tag:h6|font_size:25px|text_align:left|color:%23dddddd&#8221; use_theme_fonts=&#8221;yes&#8221; text_transform=&#8221;uppercase&#8221; css=&#8221;.vc_custom_1503245369848{margin-bottom: 10px !important;}&#8221;][\/vc_column][\/vc_row]<\/p>\n","protected":false},"author":1,"featured_media":5343,"parent":0,"menu_order":0,"comment_status":"closed","ping_status":"closed","template":"","meta":{"footnotes":""},"class_list":["post-5342","page","type-page","status-publish","has-post-thumbnail","hentry"],"_links":{"self":[{"href":"https:\/\/guidastudente.unifortunato.eu\/index.php\/wp-json\/wp\/v2\/pages\/5342","targetHints":{"allow":["GET"]}}],"collection":[{"href":"https:\/\/guidastudente.unifortunato.eu\/index.php\/wp-json\/wp\/v2\/pages"}],"about":[{"href":"https:\/\/guidastudente.unifortunato.eu\/index.php\/wp-json\/wp\/v2\/types\/page"}],"author":[{"embeddable":true,"href":"https:\/\/guidastudente.unifortunato.eu\/index.php\/wp-json\/wp\/v2\/users\/1"}],"replies":[{"embeddable":true,"href":"https:\/\/guidastudente.unifortunato.eu\/index.php\/wp-json\/wp\/v2\/comments?post=5342"}],"version-history":[{"count":16,"href":"https:\/\/guidastudente.unifortunato.eu\/index.php\/wp-json\/wp\/v2\/pages\/5342\/revisions"}],"predecessor-version":[{"id":5503,"href":"https:\/\/guidastudente.unifortunato.eu\/index.php\/wp-json\/wp\/v2\/pages\/5342\/revisions\/5503"}],"wp:featuredmedia":[{"embeddable":true,"href":"https:\/\/guidastudente.unifortunato.eu\/index.php\/wp-json\/wp\/v2\/media\/5343"}],"wp:attachment":[{"href":"https:\/\/guidastudente.unifortunato.eu\/index.php\/wp-json\/wp\/v2\/media?parent=5342"}],"curies":[{"name":"wp","href":"https:\/\/api.w.org\/{rel}","templated":true}]}}